{"id":109,"date":"2025-09-17T13:06:58","date_gmt":"2025-09-17T13:06:58","guid":{"rendered":"https:\/\/www.therapeutictouch.nl\/?page_id=109"},"modified":"2025-10-07T14:21:23","modified_gmt":"2025-10-07T14:21:23","slug":"welkom","status":"publish","type":"page","link":"https:\/\/www.therapeutictouch.nl\/","title":{"rendered":"Welkom"},"content":{"rendered":"<div id=\"pl-109\"  class=\"panel-layout\" ><div id=\"pg-109-0\"  class=\"panel-grid panel-has-style\" ><div class=\"siteorigin-panels-stretch panel-row-style panel-row-style-for-109-0\" data-stretch-type=\"full-width-stretch\" ><div id=\"pgc-109-0-0\"  class=\"panel-grid-cell\" ><div id=\"panel-109-0-0-0\" class=\"so-panel widget widget_sow-image panel-first-child\" data-index=\"0\" ><div\n\t\t\t\n\t\t\tclass=\"so-widget-sow-image so-widget-sow-image-default-c67d20f9f743-109\"\n\t\t\t\n\t\t>\n<div class=\"sow-image-container\">\n\t\t<img \n\tsrc=\"https:\/\/www.therapeutictouch.nl\/wp-content\/uploads\/img_banner_1302x293_0_golf.jpg\" width=\"1302\" height=\"293\" srcset=\"https:\/\/www.therapeutictouch.nl\/wp-content\/uploads\/img_banner_1302x293_0_golf.jpg 1302w, https:\/\/www.therapeutictouch.nl\/wp-content\/uploads\/img_banner_1302x293_0_golf-500x113.jpg 500w, https:\/\/www.therapeutictouch.nl\/wp-content\/uploads\/img_banner_1302x293_0_golf-768x173.jpg 768w\" sizes=\"(max-width: 1302px) 100vw, 1302px\" alt=\"\" \t\tclass=\"so-widget-image\"\/>\n\t<\/div>\n\n<\/div><\/div><div id=\"panel-109-0-0-1\" class=\"so-panel widget widget_sow-image\" data-index=\"1\" ><div\n\t\t\t\n\t\t\tclass=\"so-widget-sow-image so-widget-sow-image-default-c67d20f9f743-109\"\n\t\t\t\n\t\t>\n<div class=\"sow-image-container\">\n\t\t<img \n\tsrc=\"https:\/\/www.therapeutictouch.nl\/wp-content\/uploads\/img_banner_1302x293_1_logo_tt.svg\" width=\"1302\" height=\"293\" sizes=\"(max-width: 1302px) 100vw, 1302px\" alt=\"\" \t\tclass=\"so-widget-image\"\/>\n\t<\/div>\n\n<\/div><\/div><div id=\"panel-109-0-0-2\" class=\"so-panel widget widget_sow-image\" data-index=\"2\" ><div\n\t\t\t\n\t\t\tclass=\"so-widget-sow-image so-widget-sow-image-default-c67d20f9f743-109\"\n\t\t\t\n\t\t>\n<div class=\"sow-image-container\">\n\t\t<img \n\tsrc=\"https:\/\/www.therapeutictouch.nl\/wp-content\/uploads\/img_banner_1302x293_2_txt_tt_ttc.svg\" width=\"1302\" height=\"293\" sizes=\"(max-width: 1302px) 100vw, 1302px\" alt=\"\" \t\tclass=\"so-widget-image\"\/>\n\t<\/div>\n\n<\/div><\/div><div id=\"panel-109-0-0-3\" class=\"so-panel widget widget_sow-image panel-last-child\" data-index=\"3\" ><div\n\t\t\t\n\t\t\tclass=\"so-widget-sow-image so-widget-sow-image-default-c67d20f9f743-109\"\n\t\t\t\n\t\t>\n<div class=\"sow-image-container\">\n\t\t<img \n\tsrc=\"https:\/\/www.therapeutictouch.nl\/wp-content\/uploads\/img_banner_1302x293_3_txt_tt_zrg.svg\" width=\"1302\" height=\"293\" sizes=\"(max-width: 1302px) 100vw, 1302px\" alt=\"\" \t\tclass=\"so-widget-image\"\/>\n\t<\/div>\n\n<\/div><\/div><\/div><\/div><\/div><div id=\"pg-109-1\"  class=\"panel-grid panel-has-style\" ><div class=\"siteorigin-panels-stretch panel-row-style panel-row-style-for-109-1\" data-stretch-type=\"full-width-stretch\" ><div id=\"pgc-109-1-0\"  class=\"panel-grid-cell\" ><div id=\"panel-109-1-0-0\" class=\"so-panel widget widget_sow-image panel-first-child\" data-index=\"4\" ><div\n\t\t\t\n\t\t\tclass=\"so-widget-sow-image so-widget-sow-image-default-c67d20f9f743-109\"\n\t\t\t\n\t\t>\n<div class=\"sow-image-container\">\n\t\t<img \n\tsrc=\"https:\/\/www.therapeutictouch.nl\/wp-content\/uploads\/img_banner_mobile_TRANSP_png_10x10.png\" width=\"10\" height=\"10\" sizes=\"(max-width: 10px) 100vw, 10px\" alt=\"\" \t\tclass=\"so-widget-image\"\/>\n\t<\/div>\n\n<\/div><\/div><div id=\"panel-109-1-0-1\" class=\"so-panel widget widget_sow-image\" data-index=\"5\" ><div\n\t\t\t\n\t\t\tclass=\"so-widget-sow-image so-widget-sow-image-default-c67d20f9f743-109\"\n\t\t\t\n\t\t>\n<div class=\"sow-image-container\">\n\t\t<img \n\tsrc=\"https:\/\/www.therapeutictouch.nl\/wp-content\/uploads\/img_logo_tt_4kant.svg\" width=\"240\" height=\"240\" sizes=\"(max-width: 240px) 100vw, 240px\" alt=\"\" \t\tclass=\"so-widget-image\"\/>\n\t<\/div>\n\n<\/div><\/div><div id=\"panel-109-1-0-2\" class=\"so-panel widget widget_sow-image panel-last-child\" data-index=\"6\" ><div\n\t\t\t\n\t\t\tclass=\"so-widget-sow-image so-widget-sow-image-default-c67d20f9f743-109\"\n\t\t\t\n\t\t>\n<div class=\"sow-image-container\">\n\t\t<img \n\tsrc=\"https:\/\/www.therapeutictouch.nl\/wp-content\/uploads\/img_banner_mobile_txt_en_btn_ttc.svg\" width=\"240\" height=\"240\" sizes=\"(max-width: 240px) 100vw, 240px\" alt=\"\" \t\tclass=\"so-widget-image\"\/>\n\t<\/div>\n\n<\/div><\/div><\/div><\/div><\/div><div id=\"pg-109-2\"  class=\"panel-grid panel-has-style\" ><div id=\"sp_anchor_1_1_01\" class=\"panel-row-style panel-row-style-for-109-2\" ><div id=\"pgc-109-2-0\"  class=\"panel-grid-cell\" ><div id=\"panel-109-2-0-0\" class=\"so-panel widget widget_sow-editor panel-first-child panel-last-child\" data-index=\"7\" ><div\n\t\t\t\n\t\t\tclass=\"so-widget-sow-editor so-widget-sow-editor-base\"\n\t\t\t\n\t\t>\n<div class=\"siteorigin-widget-tinymce textwidget\">\n\t<p><img decoding=\"async\" class=\"aligncenter\" role=\"img\" src=\"https:\/\/www.therapeutictouch.nl\/wp-content\/uploads\/img_icon_3xcol_tt_1.svg\" alt=\"\" \/><\/p>\n<h4 style=\"text-align: center;\">Wat is therapeutic touch<\/h4>\n<p style=\"text-align: center;\">Met therapeutic touch help je het energieveld van je cli\u00ebnt in balans te brengen. Resultaat: meer ontspanning en comfort. En terwijl je geeft, ontvang je zelf ook rust en innerlijke kalmte. Meer informatie: <span data-href=\"?page_id=181\" class=\"op_anchor span_btn_pijl_in_cirkel\"><i class=\"fa fa-angle-down\" style=\"color: #000000;\"><\/i><\/span><\/p>\n<\/div>\n<\/div><\/div><\/div><div id=\"pgc-109-2-1\"  class=\"panel-grid-cell\" ><div id=\"panel-109-2-1-0\" class=\"so-panel widget widget_sow-editor panel-first-child panel-last-child\" data-index=\"8\" ><div\n\t\t\t\n\t\t\tclass=\"so-widget-sow-editor so-widget-sow-editor-base\"\n\t\t\t\n\t\t>\n<div class=\"siteorigin-widget-tinymce textwidget\">\n\t<p><img decoding=\"async\" class=\"aligncenter\" role=\"img\" src=\"https:\/\/www.therapeutictouch.nl\/wp-content\/uploads\/img_icon_3xcol_tt_2.svg\" alt=\"\" \/><\/p>\n<h4 style=\"text-align: center;\">Toepassing van therapeutic touch<\/h4>\n<p style=\"text-align: center;\">Voor wie is therapeutic touch waardevol? Uit onderzoek \u00e9n praktijkervaring blijkt dat TT verlichting kan geven bij onrust, pijn, angst en slaapproblemen. Hier lees je meer over tt: <span data-href=\"?page_id=197\" class=\"op_anchor span_btn_pijl_in_cirkel\"><i class=\"fa fa-angle-down\" style=\"color: #000000;\"><\/i><\/span><\/p>\n<\/div>\n<\/div><\/div><\/div><div id=\"pgc-109-2-2\"  class=\"panel-grid-cell\" ><div id=\"panel-109-2-2-0\" class=\"so-panel widget widget_sow-editor panel-first-child panel-last-child\" data-index=\"9\" ><div\n\t\t\t\n\t\t\tclass=\"so-widget-sow-editor so-widget-sow-editor-base\"\n\t\t\t\n\t\t>\n<div class=\"siteorigin-widget-tinymce textwidget\">\n\t<p><img decoding=\"async\" class=\"aligncenter\" role=\"img\" src=\"https:\/\/www.therapeutictouch.nl\/wp-content\/uploads\/img_icon_3xcol_tt_3.svg\" alt=\"\" \/><\/p>\n<h4 style=\"text-align: center;\">Scholing en advies<\/h4>\n<p style=\"text-align: center;\">Past de benadering van therapeutic touch bij de visie van je zorgorganisatie? Wil je zelf graag m\u00e9\u00e9r kunnen betekenen voor je cli\u00ebnten? Ontdek ons scholingsaanbod en laat je inspireren: <span data-href=\"?page_id=137\" class=\"op_anchor span_btn_pijl_in_cirkel\"><i class=\"fa fa-angle-down\" style=\"color: #000000;\"><\/i><\/span><\/p>\n<\/div>\n<\/div><\/div><\/div><\/div><\/div><div id=\"pg-109-3\"  class=\"panel-grid panel-no-style\" ><div id=\"pgc-109-3-0\"  class=\"panel-grid-cell\" ><div id=\"panel-109-3-0-0\" class=\"so-panel widget widget_sow-editor panel-first-child panel-last-child\" data-index=\"10\" ><div\n\t\t\t\n\t\t\tclass=\"so-widget-sow-editor so-widget-sow-editor-base\"\n\t\t\t\n\t\t>\n<div class=\"siteorigin-widget-tinymce textwidget\">\n\t<h5>Ontdek de kracht van therapeutic touch\u2026<\/h5>\n<p>Wil jij als zorgverlener m\u00e9\u00e9r kunnen betekenen voor je cli\u00ebnten? Geloof je in zorg die je geeft met hoofd, hart \u00e9n handen? Dan is <a href=\"?page_id=181\">therapeutic touch<\/a> precies wat bij jou en <strong>jouw zorgorganisatie <\/strong> past. Sluit je aan bij de duizenden zorgprofessionals die al werken met therapeutic touch. Draag bij aan <strong>zorg die verder gaat\u2026<\/strong><\/p>\n<\/div>\n<\/div><\/div><\/div><\/div><div id=\"pg-109-4\"  class=\"panel-grid panel-no-style\" ><div id=\"pgc-109-4-0\"  class=\"panel-grid-cell\" ><div id=\"panel-109-4-0-0\" class=\"so-panel widget widget_sow-editor panel-first-child panel-last-child\" data-index=\"11\" ><div class=\"wp_fancybox_media panel-widget-style panel-widget-style-for-109-4-0-0\" ><div\n\t\t\t\n\t\t\tclass=\"so-widget-sow-editor so-widget-sow-editor-base\"\n\t\t\t\n\t\t>\n<div class=\"siteorigin-widget-tinymce textwidget\">\n\t<table class=\"table_type_img_caption\">\n<tbody>\n<tr>\n<td><\/td>\n<td><\/td>\n<\/tr>\n<tr>\n<td><\/td>\n<td><i class=\"fa fa-expand i_margin_right\"><\/i>inzoomen: klik op de afbeelding<\/td>\n<\/tr>\n<\/tbody>\n<\/table>\n<p><a href=\"https:\/\/www.therapeutictouch.nl\/wp-content\/uploads\/img_content_tt_graphic_01.jpg\"><img loading=\"lazy\" decoding=\"async\" class=\"alignnone size-medium wp-image-45\" src=\"https:\/\/www.therapeutictouch.nl\/wp-content\/uploads\/img_content_tt_graphic_01-366x500.jpg\" alt=\"\" width=\"366\" height=\"500\" srcset=\"https:\/\/www.therapeutictouch.nl\/wp-content\/uploads\/img_content_tt_graphic_01-366x500.jpg 366w, https:\/\/www.therapeutictouch.nl\/wp-content\/uploads\/img_content_tt_graphic_01-959x1310.jpg 959w, https:\/\/www.therapeutictouch.nl\/wp-content\/uploads\/img_content_tt_graphic_01-768x1049.jpg 768w, https:\/\/www.therapeutictouch.nl\/wp-content\/uploads\/img_content_tt_graphic_01-1124x1536.jpg 1124w, https:\/\/www.therapeutictouch.nl\/wp-content\/uploads\/img_content_tt_graphic_01-1499x2048.jpg 1499w, https:\/\/www.therapeutictouch.nl\/wp-content\/uploads\/img_content_tt_graphic_01-scaled.jpg 1874w\" sizes=\"auto, (max-width: 366px) 100vw, 366px\" \/><\/a><\/p>\n<\/div>\n<\/div><\/div><\/div><\/div><\/div><div id=\"pg-109-5\"  class=\"panel-grid panel-no-style\" ><div id=\"pgc-109-5-0\"  class=\"panel-grid-cell\" ><div id=\"panel-109-5-0-0\" class=\"so-panel widget widget_sow-editor panel-first-child panel-last-child\" data-index=\"12\" ><div\n\t\t\t\n\t\t\tclass=\"so-widget-sow-editor so-widget-sow-editor-base\"\n\t\t\t\n\t\t>\n<div class=\"siteorigin-widget-tinymce textwidget\">\n\t<h5>\u2026verzorgd door het Van Praag Instituut<\/h5>\n<p>Deze website hoort bij het <strong>Van Praag Instituut<\/strong>, dat in Nederland de trainingen <strong>therapeutic touch\u00a9 (TT)<\/strong> organiseert. Het <strong>Van Praag Instituut<\/strong> is h\u00e9t kennis\u00adcentrum voor comple\u00admen\u00adtaire zorg. Wij verbinden zorg\u00adprofes\u00adsionals en organi\u00adsa\u00adties om samen te werken aan optimale inte\u00adgrale zorg. Als partner is het instituut betrokken bij tal van onderzoeks- en ontwikkel\u00adprojecten op het gebied van complemen\u00adtaire zorg en integrative medicine.<\/p>\n<p>Daarnaast verzorgen we al meer dan twintig jaar professionele scholing in complemen\u00adtaire zorg, in alle sectoren van de gezondheids\u00adzorg: van zieken\u00adhuis tot hospice, van thuis\u00adzorg tot verpleeg\u00adhuiszorg. Duizenden zorg\u00adverleners zijn door ons getraind en passen complemen\u00adtaire zorg toe in hun werk. Meer informatie over ons werk vindt u op <a href=\"https:\/\/www.vanpraaginstituut.nl\">de website van het Van Praag Instituut<\/a>.<\/p>\n<\/div>\n<\/div><\/div><\/div><\/div><\/div>","protected":false},"excerpt":{"rendered":"<p>Wat is therapeutic touch Met therapeutic touch help je het energieveld van je cli\u00ebnt in balans te brengen. Resultaat: meer ontspanning en comfort. En terwijl je geeft, ontvang je zelf ook rust en innerlijke kalmte. Meer informatie: Toepassing van therapeutic touch Voor wie is therapeutic touch waardevol? Uit onderzoek \u00e9n praktijkervaring blijkt dat TT verlichting [&hellip;]<\/p>\n","protected":false},"author":1,"featured_media":0,"parent":0,"menu_order":0,"comment_status":"closed","ping_status":"closed","template":"","meta":{"footnotes":""},"folder":[7],"class_list":["post-109","page","type-page","status-publish","hentry","post"],"_links":{"self":[{"href":"https:\/\/www.therapeutictouch.nl\/index.php?rest_route=\/wp\/v2\/pages\/109","targetHints":{"allow":["GET"]}}],"collection":[{"href":"https:\/\/www.therapeutictouch.nl\/index.php?rest_route=\/wp\/v2\/pages"}],"about":[{"href":"https:\/\/www.therapeutictouch.nl\/index.php?rest_route=\/wp\/v2\/types\/page"}],"author":[{"embeddable":true,"href":"https:\/\/www.therapeutictouch.nl\/index.php?rest_route=\/wp\/v2\/users\/1"}],"replies":[{"embeddable":true,"href":"https:\/\/www.therapeutictouch.nl\/index.php?rest_route=%2Fwp%2Fv2%2Fcomments&post=109"}],"version-history":[{"count":1,"href":"https:\/\/www.therapeutictouch.nl\/index.php?rest_route=\/wp\/v2\/pages\/109\/revisions"}],"predecessor-version":[{"id":111,"href":"https:\/\/www.therapeutictouch.nl\/index.php?rest_route=\/wp\/v2\/pages\/109\/revisions\/111"}],"wp:attachment":[{"href":"https:\/\/www.therapeutictouch.nl\/index.php?rest_route=%2Fwp%2Fv2%2Fmedia&parent=109"}],"wp:term":[{"taxonomy":"folder","embeddable":true,"href":"https:\/\/www.therapeutictouch.nl\/index.php?rest_route=%2Fwp%2Fv2%2Ffolder&post=109"}],"curies":[{"name":"wp","href":"https:\/\/api.w.org\/{rel}","templated":true}]}}